{"id":492,"date":"2025-09-28T19:23:26","date_gmt":"2025-09-28T19:23:26","guid":{"rendered":"https:\/\/vitraliediciones.com\/?post_type=product&#038;p=492"},"modified":"2025-09-28T19:23:27","modified_gmt":"2025-09-28T19:23:27","slug":"nocturna-de-inker","status":"publish","type":"product","link":"https:\/\/vitraliediciones.com\/index.php\/producto\/nocturna-de-inker\/","title":{"rendered":"Nocturna, de INKER"},"content":{"rendered":"<p>\u00bfTe gusta so\u00f1ar?<br \/>\nEn este cuento descubrir\u00e1s qui\u00e9n se encarga de lanzar luci\u00e9rnagas a tus sue\u00f1os.<br \/>\n\u00bfY t\u00fa? \u00bfC\u00f3mo lo imaginas?<\/p>\n<p>INKER es un joven autor, ilustrador y m\u00fasico, este es su primer libro.<\/p>\n","protected":false},"excerpt":{"rendered":"<p>\u00bfTe gusta so\u00f1ar? En este cuento descubrir\u00e1s qui\u00e9n se encarga de lanzar luci\u00e9rnagas a tus sue\u00f1os. \u00bfY t\u00fa? \u00bfC\u00f3mo lo imaginas? INKER es un joven autor, ilustrador y m\u00fasico, este es su primer libro.<\/p>\n","protected":false},"featured_media":493,"template":"","meta":[],"product_brand":[],"product_cat":[39,50,38],"product_tag":[],"class_list":{"0":"post-492","1":"product","2":"type-product","3":"status-publish","4":"has-post-thumbnail","6":"product_cat-cuento","7":"product_cat-cuento-infantil-cuento","8":"product_cat-narrativa","10":"first","11":"instock","12":"taxable","13":"shipping-taxable","14":"purchasable","15":"product-type-simple"},"_links":{"self":[{"href":"https:\/\/vitraliediciones.com\/index.php\/wp-json\/wp\/v2\/product\/492","targetHints":{"allow":["GET"]}}],"collection":[{"href":"https:\/\/vitraliediciones.com\/index.php\/wp-json\/wp\/v2\/product"}],"about":[{"href":"https:\/\/vitraliediciones.com\/index.php\/wp-json\/wp\/v2\/types\/product"}],"wp:featuredmedia":[{"embeddable":true,"href":"https:\/\/vitraliediciones.com\/index.php\/wp-json\/wp\/v2\/media\/493"}],"wp:attachment":[{"href":"https:\/\/vitraliediciones.com\/index.php\/wp-json\/wp\/v2\/media?parent=492"}],"wp:term":[{"taxonomy":"product_brand","embeddable":true,"href":"https:\/\/vitraliediciones.com\/index.php\/wp-json\/wp\/v2\/product_brand?post=492"},{"taxonomy":"product_cat","embeddable":true,"href":"https:\/\/vitraliediciones.com\/index.php\/wp-json\/wp\/v2\/product_cat?post=492"},{"taxonomy":"product_tag","embeddable":true,"href":"https:\/\/vitraliediciones.com\/index.php\/wp-json\/wp\/v2\/product_tag?post=492"}],"curies":[{"name":"wp","href":"https:\/\/api.w.org\/{rel}","templated":true}]}}