{"id":489,"date":"2025-09-28T19:19:38","date_gmt":"2025-09-28T19:19:38","guid":{"rendered":"https:\/\/vitraliediciones.com\/?post_type=product&#038;p=489"},"modified":"2025-09-28T19:29:01","modified_gmt":"2025-09-28T19:29:01","slug":"nido-de-axolotes-antologia-de-narrativa-colectiva-por-varios-autores","status":"publish","type":"product","link":"https:\/\/vitraliediciones.com\/index.php\/producto\/nido-de-axolotes-antologia-de-narrativa-colectiva-por-varios-autores\/","title":{"rendered":"Nido de Axolotes. Antolog\u00eda de Narrativa Colectiva, por varios autores"},"content":{"rendered":"<p>Nido de Axolotes, antolog\u00eda narrativa es un libro que antologa a diecinueve autores y que surgi\u00f3 tras una convocatoria lanzada por y para estudiantes de la Universidad Aut\u00f3noma de la Ciudad de M\u00e9xico, buscando mostrar el talento joven mexicano, autoras y autores que apuntan hacia el desarrollo futuro de la literatura mexicana.<\/p>\n<p>Desde cuentos de terror, infantiles, existencialistas, de iniciaci\u00f3n y crecimiento, <em>Nido de Axolotes<\/em> nos permite conocer muchas realidades, con t\u00e9cnicas literarias interesantes que no se limitan en s\u00ed mismas, algunos cuentos son aderezados con poes\u00eda, otros con ensayo, otros con formas novedosas e inesperadas, que no apelan al conocimiento estereotipado, ni buscan algo prefijado en el g\u00e9nero narrativo.<\/p>\n<p>Forma parte del nido y encuentra una parte de ti dentro de las p\u00e1ginas que se compilan en este libro.<\/p>\n<p>Los autores y textos incluidos son:<\/p>\n<p><strong>Las brujas<\/strong> | Adalberto Abimael Falc\u00f3n Mart\u00ednez<br \/>\n<strong>El abismo<\/strong> | Esmeralda Maldonado<br \/>\n<strong>Azota la puerta<\/strong> | David Alvarado<br \/>\n<strong>El hombre sirena y las perlas preciosas<\/strong> | Eugenia Arias<br \/>\n<strong>Cuando la gallina canta<\/strong> | Israel Aguilar<br \/>\n<strong>Refresco de vampiro<\/strong> | Hannah Elizabeth<br \/>\n<strong>Para\u00edso<\/strong> | Karlos Atl<br \/>\n<strong>La puta gratuita<\/strong> | Kalia Arriaga<br \/>\n<strong>Los amantes<\/strong> | MAV (Marcel Alonso Villalobos)<br \/>\n<strong>Viaje en autob\u00fas<\/strong> | Zamara Le\u00f3n<br \/>\n<strong>Fuga<\/strong> | Mario Alberto Ram\u00edrez Le\u00f3n<br \/>\n<strong>Urgencias<\/strong> | Mariana Constantino S\u00e1nchez<br \/>\n<strong>La pir\u00e1mide negra<\/strong> | Daniel Rojas Sol\u00eds<br \/>\n<strong>Amor suspendido<\/strong> | Leonora Rodr\u00edguez Garc\u00eda<br \/>\n<strong>La fuente cloqueante<\/strong> | Luis Francisco Santamar\u00eda Arriaga<br \/>\n<strong>\u00bfVida?<\/strong> | Lizbeth Hern\u00e1ndez Mendoza<br \/>\n<strong>Sabr\u00e1 Dios lo que hiciste<\/strong> | Edgar Peza\u00f1a<br \/>\n<strong>Tic-tac (mortificado espejo)<\/strong> | Olivia Moreno<br \/>\n<strong>El amor nos condenaba<\/strong> | Bruno Bellmer<\/p>\n","protected":false},"excerpt":{"rendered":"<p>Nido de Axolotes, antolog\u00eda narrativa es un libro que antologa a diecinueve autores y que surgi\u00f3 tras una convocatoria lanzada por y para estudiantes de la Universidad Aut\u00f3noma de la Ciudad de M\u00e9xico, buscando mostrar el talento joven mexicano, autoras y autores que apuntan hacia el desarrollo futuro de la literatura mexicana. Desde cuentos de [&hellip;]<\/p>\n","protected":false},"featured_media":491,"template":"","meta":[],"product_brand":[],"product_cat":[45,39],"product_tag":[],"class_list":{"0":"post-489","1":"product","2":"type-product","3":"status-publish","4":"has-post-thumbnail","6":"product_cat-antologia","7":"product_cat-cuento","9":"first","10":"instock","11":"sale","12":"shipping-taxable","13":"purchasable","14":"product-type-simple"},"_links":{"self":[{"href":"https:\/\/vitraliediciones.com\/index.php\/wp-json\/wp\/v2\/product\/489","targetHints":{"allow":["GET"]}}],"collection":[{"href":"https:\/\/vitraliediciones.com\/index.php\/wp-json\/wp\/v2\/product"}],"about":[{"href":"https:\/\/vitraliediciones.com\/index.php\/wp-json\/wp\/v2\/types\/product"}],"wp:featuredmedia":[{"embeddable":true,"href":"https:\/\/vitraliediciones.com\/index.php\/wp-json\/wp\/v2\/media\/491"}],"wp:attachment":[{"href":"https:\/\/vitraliediciones.com\/index.php\/wp-json\/wp\/v2\/media?parent=489"}],"wp:term":[{"taxonomy":"product_brand","embeddable":true,"href":"https:\/\/vitraliediciones.com\/index.php\/wp-json\/wp\/v2\/product_brand?post=489"},{"taxonomy":"product_cat","embeddable":true,"href":"https:\/\/vitraliediciones.com\/index.php\/wp-json\/wp\/v2\/product_cat?post=489"},{"taxonomy":"product_tag","embeddable":true,"href":"https:\/\/vitraliediciones.com\/index.php\/wp-json\/wp\/v2\/product_tag?post=489"}],"curies":[{"name":"wp","href":"https:\/\/api.w.org\/{rel}","templated":true}]}}