{"id":487,"date":"2025-09-28T19:15:20","date_gmt":"2025-09-28T19:15:20","guid":{"rendered":"https:\/\/vitraliediciones.com\/?post_type=product&#038;p=487"},"modified":"2025-09-28T19:25:56","modified_gmt":"2025-09-28T19:25:56","slug":"me-nombro-mujer-antologia-de-voces-femeninas-de-varias-autoras","status":"publish","type":"product","link":"https:\/\/vitraliediciones.com\/index.php\/producto\/me-nombro-mujer-antologia-de-voces-femeninas-de-varias-autoras\/","title":{"rendered":"Me nombro mujer. Antolog\u00eda de voces femeninas, de varias autoras"},"content":{"rendered":"<p style=\"text-align: right;\">\u00abEsta antolog\u00eda presenta un tipo de poes\u00eda militante por una vida segura, digna y placentera para nosotras. La poes\u00eda nos ofrece, as\u00ed, un camino para pensarnos de otra forma, para imaginarnos de una mejor manera. De reconstruirnos como mujeres y poder ser con las dem\u00e1s personas, de cualquier g\u00e9nero, en un mundo hospitalario, propicio para cada quien\u00bb<br \/>\n<strong>Iliana Rodr\u00edguez Zuleta, prologuista.<\/strong><\/p>\n<p>Dentro del tejido de la causalidad, es de donde emergen las letras que hoy se unen en armon\u00eda, reuniendo veinticinco plumas contempor\u00e1neas para dar vida a \u00abMe nombro Mujer, antolog\u00eda de voces femeninas\u00bb. Esta obra representa la segunda incursi\u00f3n completamente femenina en nuestra casa editorial y se erige como un vibrante testimonio de la diversidad y la fortaleza de la femeneidad en la literatura actual.<\/p>\n<p>Las p\u00e1ginas de este libro act\u00faan como ventanales abiertos que nos incitan a adentrarnos a un mundo colmado de distintas realidades y tesituras, donde las emociones vibran, los sue\u00f1os se componen, se crea una mirada cr\u00edtica que llama a la reflexi\u00f3n desde la palabra escrita, sus palabras se entrelazan como hilos de experiencia, tejiendo narrativas y po\u00e9ticas que convocan a explorar aquella complejidad de la condici\u00f3n femenina en la sociedad contempor\u00e1nea.<\/p>\n<p>Este es, un canto colectivo, un libro hospitalario, un piso com\u00fan de libre expresi\u00f3n donde se vela por la libertad, el amor, el desamor, la muerte, las injusticias, la sensualidad, el misticismo, la emancipaci\u00f3n, la visibilizaci\u00f3n de nuestras ra\u00edces, las pesadillas y los sue\u00f1os.<\/p>\n<p>Portada y guardas por la artista visual Yohali Pinacho.<\/p>\n<p>Las autoras participantes son:<\/p>\n<p>Iliana Rodr\u00edguez Zuleta (prologuista)<br \/>\nA\u00e9rea Indira<br \/>\nAm\u00e9rica Femat Viveros<br \/>\nAna Jazm\u00edn Vinaja Gonz\u00e1lez<br \/>\nAzucena Azul, Le\u00f3n Renegrido<br \/>\nBeata Beatriz<br \/>\nEri Olvera<br \/>\nEvelya Yvel<br \/>\nGabriela \u00c1vila<br \/>\nHortensia Carrasco Santos<br \/>\nJanis Alatriste<br \/>\nJuliana Guel<br \/>\nKarla Elizarrar\u00e1s<br \/>\nLeslie Saenz<br \/>\nLilian De la Rosa<br \/>\nMelisa Fajardo<br \/>\nMim Luuni<br \/>\nMuluk Uaxac Ben<br \/>\nNatalia Basulto<br \/>\nNoemi Nol<br \/>\nOlivia Moreno<br \/>\nSandrah Mendoza<br \/>\nValeria Ramos<br \/>\nYohali Pinacho<br \/>\nZamara Le\u00f3n<\/p>\n","protected":false},"excerpt":{"rendered":"<p>\u00abEsta antolog\u00eda presenta un tipo de poes\u00eda militante por una vida segura, digna y placentera para nosotras. La poes\u00eda nos ofrece, as\u00ed, un camino para pensarnos de otra forma, para imaginarnos de una mejor manera. De reconstruirnos como mujeres y poder ser con las dem\u00e1s personas, de cualquier g\u00e9nero, en un mundo hospitalario, propicio para [&hellip;]<\/p>\n","protected":false},"featured_media":488,"template":"","meta":[],"product_brand":[],"product_cat":[45,40],"product_tag":[],"class_list":{"0":"post-487","1":"product","2":"type-product","3":"status-publish","4":"has-post-thumbnail","6":"product_cat-antologia","7":"product_cat-poesia","9":"first","10":"instock","11":"sale","12":"taxable","13":"shipping-taxable","14":"purchasable","15":"product-type-simple"},"_links":{"self":[{"href":"https:\/\/vitraliediciones.com\/index.php\/wp-json\/wp\/v2\/product\/487","targetHints":{"allow":["GET"]}}],"collection":[{"href":"https:\/\/vitraliediciones.com\/index.php\/wp-json\/wp\/v2\/product"}],"about":[{"href":"https:\/\/vitraliediciones.com\/index.php\/wp-json\/wp\/v2\/types\/product"}],"wp:featuredmedia":[{"embeddable":true,"href":"https:\/\/vitraliediciones.com\/index.php\/wp-json\/wp\/v2\/media\/488"}],"wp:attachment":[{"href":"https:\/\/vitraliediciones.com\/index.php\/wp-json\/wp\/v2\/media?parent=487"}],"wp:term":[{"taxonomy":"product_brand","embeddable":true,"href":"https:\/\/vitraliediciones.com\/index.php\/wp-json\/wp\/v2\/product_brand?post=487"},{"taxonomy":"product_cat","embeddable":true,"href":"https:\/\/vitraliediciones.com\/index.php\/wp-json\/wp\/v2\/product_cat?post=487"},{"taxonomy":"product_tag","embeddable":true,"href":"https:\/\/vitraliediciones.com\/index.php\/wp-json\/wp\/v2\/product_tag?post=487"}],"curies":[{"name":"wp","href":"https:\/\/api.w.org\/{rel}","templated":true}]}}