{"id":409,"date":"2025-09-28T00:45:50","date_gmt":"2025-09-28T00:45:50","guid":{"rendered":"https:\/\/vitraliediciones.com\/?post_type=product&#038;p=409"},"modified":"2025-09-28T00:46:08","modified_gmt":"2025-09-28T00:46:08","slug":"el-diablo-jose-manuel-vacah","status":"publish","type":"product","link":"https:\/\/vitraliediciones.com\/index.php\/producto\/el-diablo-jose-manuel-vacah\/","title":{"rendered":"El Diablo, de Jos\u00e9 Manuel Vacah"},"content":{"rendered":"<p><em>El Diablo<\/em> es una colecci\u00f3n de diez cuentos fr\u00edamente calculados, expuestos de manera descarnada y honesta. Jos\u00e9 Manuel Vacah hace bien en colocarnos en la posici\u00f3n de espectadores de la colisi\u00f3n entre las pasiones humanas y los eventos \u2013muchas veces inexplicables\u2013 de la vida, ambos elementos entrelazan en un tejido narrativo poderoso y caracter\u00edstico de su propio autor. Dentro de esta obra, Vacah nos zarandea mientras viajamos junto a personajes viscerales que se enfrentan a lo m\u00e1s \u00edntimo de sus existencias, sus demonios internos, las complejidades de sus relaciones y sus comportamientos. Aunado a ello, esta es una lectura \u00e1gil, que deja una serie de impresiones y reflexiones sobre la verdadera naturaleza de nuestras luchas internas.<\/p>\n","protected":false},"excerpt":{"rendered":"<p>El Diablo es una colecci\u00f3n de diez cuentos fr\u00edamente calculados, expuestos de manera descarnada y honesta. Jos\u00e9 Manuel Vacah hace bien en colocarnos en la posici\u00f3n de espectadores de la colisi\u00f3n entre las pasiones humanas y los eventos \u2013muchas veces inexplicables\u2013 de la vida, ambos elementos entrelazan en un tejido narrativo poderoso y caracter\u00edstico de [&hellip;]<\/p>\n","protected":false},"featured_media":410,"template":"","meta":[],"product_brand":[],"product_cat":[39,38],"product_tag":[],"class_list":{"0":"post-409","1":"product","2":"type-product","3":"status-publish","4":"has-post-thumbnail","6":"product_cat-cuento","7":"product_cat-narrativa","9":"first","10":"instock","11":"sale","12":"taxable","13":"shipping-taxable","14":"purchasable","15":"product-type-simple"},"_links":{"self":[{"href":"https:\/\/vitraliediciones.com\/index.php\/wp-json\/wp\/v2\/product\/409","targetHints":{"allow":["GET"]}}],"collection":[{"href":"https:\/\/vitraliediciones.com\/index.php\/wp-json\/wp\/v2\/product"}],"about":[{"href":"https:\/\/vitraliediciones.com\/index.php\/wp-json\/wp\/v2\/types\/product"}],"wp:featuredmedia":[{"embeddable":true,"href":"https:\/\/vitraliediciones.com\/index.php\/wp-json\/wp\/v2\/media\/410"}],"wp:attachment":[{"href":"https:\/\/vitraliediciones.com\/index.php\/wp-json\/wp\/v2\/media?parent=409"}],"wp:term":[{"taxonomy":"product_brand","embeddable":true,"href":"https:\/\/vitraliediciones.com\/index.php\/wp-json\/wp\/v2\/product_brand?post=409"},{"taxonomy":"product_cat","embeddable":true,"href":"https:\/\/vitraliediciones.com\/index.php\/wp-json\/wp\/v2\/product_cat?post=409"},{"taxonomy":"product_tag","embeddable":true,"href":"https:\/\/vitraliediciones.com\/index.php\/wp-json\/wp\/v2\/product_tag?post=409"}],"curies":[{"name":"wp","href":"https:\/\/api.w.org\/{rel}","templated":true}]}}