{"id":407,"date":"2025-09-28T00:42:08","date_gmt":"2025-09-28T00:42:08","guid":{"rendered":"https:\/\/vitraliediciones.com\/?post_type=product&#038;p=407"},"modified":"2025-09-28T00:42:09","modified_gmt":"2025-09-28T00:42:09","slug":"el-ciclo-de-los-elegidos-de-fluvio-ugo-guerra-lemus","status":"publish","type":"product","link":"https:\/\/vitraliediciones.com\/index.php\/producto\/el-ciclo-de-los-elegidos-de-fluvio-ugo-guerra-lemus\/","title":{"rendered":"El Ciclo de los Elegidos, de Fluvio Ugo Guerra Lemus"},"content":{"rendered":"<p>El Ciclo de los Elegidos de Fluvio Ugo Guerra Lemus, es una colecci\u00f3n de cuentos que describe, de forma muy puntual, aspectos de la esencia humana, de las complejidades que<br \/>\nse ubican en los adentros del pensamiento, un pensamiento tan infinito que incluso termina por disgregar al ser pensante; y al mismo tiempo, nos da distintas perspectivas que puede haber para entender y vivir en este mundo. La mayor\u00eda de sus personajes, seres que a veces pueden confundir lo on\u00edrico con lo real y tangible, est\u00e1n en una constante b\u00fasqueda, y los descubrimientos logrados les permiten ver que la humanidad es capaz de rebasar los l\u00edmites y devorar sus propios placebos. Claro est\u00e1, que estos l\u00edmites siempre llegan a impactar en otros.<br \/>\nDesde terror, pasando por terror c\u00f3smico, ciencia ficci\u00f3n, autoconocimiento y cr\u00edtica social, <em>El Ciclo de los Elegidos<\/em>, es una obra que busca romper con la hegemon\u00eda de lo conocido para adentrarse en una mirada profunda y anal\u00edtica a la vida, su autor nos hace cuestionarnos lo alterno del mundo, el tiempo subjetivo e incluso el poder de nuestro propio cerebro.<\/p>\n","protected":false},"excerpt":{"rendered":"<p>El Ciclo de los Elegidos de Fluvio Ugo Guerra Lemus, es una colecci\u00f3n de cuentos que describe, de forma muy puntual, aspectos de la esencia humana, de las complejidades que se ubican en los adentros del pensamiento, un pensamiento tan infinito que incluso termina por disgregar al ser pensante; y al mismo tiempo, nos da [&hellip;]<\/p>\n","protected":false},"featured_media":408,"template":"","meta":[],"product_brand":[],"product_cat":[39,38],"product_tag":[],"class_list":{"0":"post-407","1":"product","2":"type-product","3":"status-publish","4":"has-post-thumbnail","6":"product_cat-cuento","7":"product_cat-narrativa","9":"first","10":"instock","11":"taxable","12":"shipping-taxable","13":"purchasable","14":"product-type-simple"},"_links":{"self":[{"href":"https:\/\/vitraliediciones.com\/index.php\/wp-json\/wp\/v2\/product\/407","targetHints":{"allow":["GET"]}}],"collection":[{"href":"https:\/\/vitraliediciones.com\/index.php\/wp-json\/wp\/v2\/product"}],"about":[{"href":"https:\/\/vitraliediciones.com\/index.php\/wp-json\/wp\/v2\/types\/product"}],"wp:featuredmedia":[{"embeddable":true,"href":"https:\/\/vitraliediciones.com\/index.php\/wp-json\/wp\/v2\/media\/408"}],"wp:attachment":[{"href":"https:\/\/vitraliediciones.com\/index.php\/wp-json\/wp\/v2\/media?parent=407"}],"wp:term":[{"taxonomy":"product_brand","embeddable":true,"href":"https:\/\/vitraliediciones.com\/index.php\/wp-json\/wp\/v2\/product_brand?post=407"},{"taxonomy":"product_cat","embeddable":true,"href":"https:\/\/vitraliediciones.com\/index.php\/wp-json\/wp\/v2\/product_cat?post=407"},{"taxonomy":"product_tag","embeddable":true,"href":"https:\/\/vitraliediciones.com\/index.php\/wp-json\/wp\/v2\/product_tag?post=407"}],"curies":[{"name":"wp","href":"https:\/\/api.w.org\/{rel}","templated":true}]}}