{"id":405,"date":"2025-09-28T00:37:29","date_gmt":"2025-09-28T00:37:29","guid":{"rendered":"https:\/\/vitraliediciones.com\/?post_type=product&#038;p=405"},"modified":"2025-09-28T00:37:29","modified_gmt":"2025-09-28T00:37:29","slug":"el-cavernario-de-aerea-indira-ilustrado-por-bruno-bellmer","status":"publish","type":"product","link":"https:\/\/vitraliediciones.com\/index.php\/producto\/el-cavernario-de-aerea-indira-ilustrado-por-bruno-bellmer\/","title":{"rendered":"El Cavernario, de A\u00e9rea Indira, ilustrado por Bruno Bellmer"},"content":{"rendered":"<p>\u00bfAlguna vez has querido inventar algo?<\/p>\n<p>Pues a Tuk le encanta inventar cosas rar\u00edsimas&#8230; aunque casi siempre son inesperadas y por eso, la tribu no para de re\u00edrse de \u00e9l y de su mejor amiga, Bom, una mamut chiquita, peluda y risue\u00f1a.<\/p>\n<p>Pero entre estornudos, carcajadas y tropiezos, Tuk y Bom descubrir\u00e1n que de los errores nacen grandes inventos para ayudar a toda la tribu. \u00bfQuieres cantar, re\u00edr y sorprenderte con sus ideas? Acompa\u00f1a a Tuk y a Bom en esta divertida aventura cavernaria, donde la imaginaci\u00f3n lo puede todo.<\/p>\n<p>Colorea, lee y aprende.<\/p>\n","protected":false},"excerpt":{"rendered":"<p>\u00bfAlguna vez has querido inventar algo? Pues a Tuk le encanta inventar cosas rar\u00edsimas&#8230; aunque casi siempre son inesperadas y por eso, la tribu no para de re\u00edrse de \u00e9l y de su mejor amiga, Bom, una mamut chiquita, peluda y risue\u00f1a. Pero entre estornudos, carcajadas y tropiezos, Tuk y Bom descubrir\u00e1n que de los [&hellip;]<\/p>\n","protected":false},"featured_media":406,"template":"","meta":[],"product_brand":[],"product_cat":[39,50,38],"product_tag":[],"class_list":{"0":"post-405","1":"product","2":"type-product","3":"status-publish","4":"has-post-thumbnail","6":"product_cat-cuento","7":"product_cat-cuento-infantil-cuento","8":"product_cat-narrativa","10":"first","11":"instock","12":"taxable","13":"shipping-taxable","14":"purchasable","15":"product-type-simple"},"_links":{"self":[{"href":"https:\/\/vitraliediciones.com\/index.php\/wp-json\/wp\/v2\/product\/405","targetHints":{"allow":["GET"]}}],"collection":[{"href":"https:\/\/vitraliediciones.com\/index.php\/wp-json\/wp\/v2\/product"}],"about":[{"href":"https:\/\/vitraliediciones.com\/index.php\/wp-json\/wp\/v2\/types\/product"}],"wp:featuredmedia":[{"embeddable":true,"href":"https:\/\/vitraliediciones.com\/index.php\/wp-json\/wp\/v2\/media\/406"}],"wp:attachment":[{"href":"https:\/\/vitraliediciones.com\/index.php\/wp-json\/wp\/v2\/media?parent=405"}],"wp:term":[{"taxonomy":"product_brand","embeddable":true,"href":"https:\/\/vitraliediciones.com\/index.php\/wp-json\/wp\/v2\/product_brand?post=405"},{"taxonomy":"product_cat","embeddable":true,"href":"https:\/\/vitraliediciones.com\/index.php\/wp-json\/wp\/v2\/product_cat?post=405"},{"taxonomy":"product_tag","embeddable":true,"href":"https:\/\/vitraliediciones.com\/index.php\/wp-json\/wp\/v2\/product_tag?post=405"}],"curies":[{"name":"wp","href":"https:\/\/api.w.org\/{rel}","templated":true}]}}