{"id":271,"date":"2023-06-23T07:28:05","date_gmt":"2023-06-23T07:28:05","guid":{"rendered":"https:\/\/vitraliediciones.com\/?post_type=product&#038;p=271"},"modified":"2025-09-28T00:17:19","modified_gmt":"2025-09-28T00:17:19","slug":"vitraletras-antologia-narrativa-colectiva","status":"publish","type":"product","link":"https:\/\/vitraliediciones.com\/index.php\/producto\/vitraletras-antologia-narrativa-colectiva\/","title":{"rendered":"Vitraletras, antolog\u00eda narrativa colectiva"},"content":{"rendered":"<p>Entre la ficci\u00f3n y la realidad que en estas p\u00e1ginas se unen, tambi\u00e9n se convoca al lector con la palabra escrita por estos doce autores, cuyas inquietudes se enmarcan en el panorama emocional y vivencial de la Ciudad de M\u00e9xico, que as\u00ed como puede ser una tambi\u00e9n es esa otra cara de la moneda del d\u00eda a d\u00eda y c\u00f3mo lo vivimos a trav\u00e9s de las historias.<\/p>\n<p>Vitrali se congratula de contar con tan maravilloso talento reunido en una sola antolog\u00eda perteneciente a la Colecci\u00f3n Vitraletras, la cual ha surgido gracias al apoyo del programa social Colectivos Culturales Comunitarios CDMX 2023 otorgado por la Secretar\u00eda de Cultura de la Ciudad de M\u00e9xico, que a bien tiene reconocer las pr\u00e1cticas multiculturales y art\u00edsticas.<\/p>\n","protected":false},"excerpt":{"rendered":"<p>Entre la ficci\u00f3n y la realidad que en estas p\u00e1ginas se unen, tambi\u00e9n se convoca al lector con la palabra escrita por estos doce autores, cuyas inquietudes se enmarcan en el panorama emocional y vivencial de la Ciudad de M\u00e9xico, que as\u00ed como puede ser una tambi\u00e9n es esa otra cara de la moneda del [&hellip;]<\/p>\n","protected":false},"featured_media":272,"template":"","meta":[],"product_brand":[],"product_cat":[45,39,38],"product_tag":[],"class_list":{"0":"post-271","1":"product","2":"type-product","3":"status-publish","4":"has-post-thumbnail","6":"product_cat-antologia","7":"product_cat-cuento","8":"product_cat-narrativa","10":"first","11":"outofstock","12":"taxable","13":"shipping-taxable","14":"purchasable","15":"product-type-simple"},"_links":{"self":[{"href":"https:\/\/vitraliediciones.com\/index.php\/wp-json\/wp\/v2\/product\/271","targetHints":{"allow":["GET"]}}],"collection":[{"href":"https:\/\/vitraliediciones.com\/index.php\/wp-json\/wp\/v2\/product"}],"about":[{"href":"https:\/\/vitraliediciones.com\/index.php\/wp-json\/wp\/v2\/types\/product"}],"wp:featuredmedia":[{"embeddable":true,"href":"https:\/\/vitraliediciones.com\/index.php\/wp-json\/wp\/v2\/media\/272"}],"wp:attachment":[{"href":"https:\/\/vitraliediciones.com\/index.php\/wp-json\/wp\/v2\/media?parent=271"}],"wp:term":[{"taxonomy":"product_brand","embeddable":true,"href":"https:\/\/vitraliediciones.com\/index.php\/wp-json\/wp\/v2\/product_brand?post=271"},{"taxonomy":"product_cat","embeddable":true,"href":"https:\/\/vitraliediciones.com\/index.php\/wp-json\/wp\/v2\/product_cat?post=271"},{"taxonomy":"product_tag","embeddable":true,"href":"https:\/\/vitraliediciones.com\/index.php\/wp-json\/wp\/v2\/product_tag?post=271"}],"curies":[{"name":"wp","href":"https:\/\/api.w.org\/{rel}","templated":true}]}}