{"id":269,"date":"2023-06-23T07:22:37","date_gmt":"2023-06-23T07:22:37","guid":{"rendered":"https:\/\/vitraliediciones.com\/?post_type=product&#038;p=269"},"modified":"2025-09-28T00:17:19","modified_gmt":"2025-09-28T00:17:19","slug":"vitraletras-antologia-poetica-colectiva","status":"publish","type":"product","link":"https:\/\/vitraliediciones.com\/index.php\/producto\/vitraletras-antologia-poetica-colectiva\/","title":{"rendered":"Vitraletras, antolog\u00eda po\u00e9tica colectiva"},"content":{"rendered":"<p>A rienda suelta las letras que se unen aqu\u00ed, provienen de dieciocho plumas contempor\u00e1neas de la Ciudad de M\u00e9xico y su periferia, que en comunidad hoy dan voz a los distintos g\u00e9neros po\u00e9ticos que se leen y viven desde distintos espacios geogr\u00e1ficos, desde distintos modos de entender la labor po\u00e9tica, desde las m\u00faltiples visiones comunitarias, en fin, desde la colectividad.<\/p>\n<p>Vitrali se congratula de contar con tan maravilloso talento reunido en una sola antolog\u00eda perteneciente a la Colecci\u00f3n Vitraletras, la cual ha surgido gracias al apoyo del programa social Colectivos Culturales Comunitarios CDMX 2023, otorgado por la Secretar\u00eda de Cultura de la Ciudad de M\u00e9xico que a bien tiene reconocer las pr\u00e1cticas multiculturales y art\u00edsticas.<\/p>\n","protected":false},"excerpt":{"rendered":"<p>A rienda suelta las letras que se unen aqu\u00ed, provienen de dieciocho plumas contempor\u00e1neas de la Ciudad de M\u00e9xico y su periferia, que en comunidad hoy dan voz a los distintos g\u00e9neros po\u00e9ticos que se leen y viven desde distintos espacios geogr\u00e1ficos, desde distintos modos de entender la labor po\u00e9tica, desde las m\u00faltiples visiones comunitarias, [&hellip;]<\/p>\n","protected":false},"featured_media":270,"template":"","meta":[],"product_brand":[],"product_cat":[45,40],"product_tag":[],"class_list":{"0":"post-269","1":"product","2":"type-product","3":"status-publish","4":"has-post-thumbnail","6":"product_cat-antologia","7":"product_cat-poesia","9":"first","10":"outofstock","11":"taxable","12":"shipping-taxable","13":"purchasable","14":"product-type-simple"},"_links":{"self":[{"href":"https:\/\/vitraliediciones.com\/index.php\/wp-json\/wp\/v2\/product\/269","targetHints":{"allow":["GET"]}}],"collection":[{"href":"https:\/\/vitraliediciones.com\/index.php\/wp-json\/wp\/v2\/product"}],"about":[{"href":"https:\/\/vitraliediciones.com\/index.php\/wp-json\/wp\/v2\/types\/product"}],"wp:featuredmedia":[{"embeddable":true,"href":"https:\/\/vitraliediciones.com\/index.php\/wp-json\/wp\/v2\/media\/270"}],"wp:attachment":[{"href":"https:\/\/vitraliediciones.com\/index.php\/wp-json\/wp\/v2\/media?parent=269"}],"wp:term":[{"taxonomy":"product_brand","embeddable":true,"href":"https:\/\/vitraliediciones.com\/index.php\/wp-json\/wp\/v2\/product_brand?post=269"},{"taxonomy":"product_cat","embeddable":true,"href":"https:\/\/vitraliediciones.com\/index.php\/wp-json\/wp\/v2\/product_cat?post=269"},{"taxonomy":"product_tag","embeddable":true,"href":"https:\/\/vitraliediciones.com\/index.php\/wp-json\/wp\/v2\/product_tag?post=269"}],"curies":[{"name":"wp","href":"https:\/\/api.w.org\/{rel}","templated":true}]}}