{"id":264,"date":"2023-06-23T07:06:40","date_gmt":"2023-06-23T07:06:40","guid":{"rendered":"https:\/\/vitraliediciones.com\/?post_type=product&#038;p=264"},"modified":"2025-09-28T00:02:44","modified_gmt":"2025-09-28T00:02:44","slug":"cuarzo-cristales-y-ensueno-antologia-de-poesia-femenina-contemporanea","status":"publish","type":"product","link":"https:\/\/vitraliediciones.com\/index.php\/producto\/cuarzo-cristales-y-ensueno-antologia-de-poesia-femenina-contemporanea\/","title":{"rendered":"Cuarzo, cristales y ensue\u00f1o, antolog\u00eda de poes\u00eda femenina contempor\u00e1nea"},"content":{"rendered":"<p>Entre la casualidad surgen las letras que hoy re\u00fanen a quince plumas contempor\u00e1neas para dar voz a\u00a0<em>Cuarzo, cristales y ensue\u00f1o<\/em>, primera antolog\u00eda femenina de nuestra casa editorial; sus palabras son rendijas que nos permiten mirar hacia los cristales personales, an\u00edmicos y llenos de quimeras de cada una de las escritoras; as\u00ed mismo la excelsa fan\u00f3pea se manifiesta tras la visi\u00f3n de los cuarzos interiores de la mano que ilustra nuestra portada; diecis\u00e9is mujeres nos invitan a introducirnos a un mundo colmado de distintas realidades, un mundo cargado de muchos mundos y diferentes sentires, la reflexi\u00f3n acompasa con los engranes de cada coraz\u00f3n que yace en las siguientes p\u00e1ginas, la letra levanta voz para ser transformista de la vida misma, el siguiente libro es un <em>puzzle<\/em> enorme conformado por cristales, hermosos fragmentos que invitan a mirar desde la perspectiva de g\u00e9nero, a reflexionar sobre la libertad, amor, desamor, muerte, sensualidad, misticismo y emancipaci\u00f3n; a visibilizar todo lo que conforma ser mujer, a resignificar nuestras ra\u00edces, a so\u00f1ar entre las p\u00e1ginas que convierten en un ave de diecis\u00e9is corazones entre nuestras manos, a replantear que las mujeres llevamos un profundo universo dentro de nuestro pensamiento y sentir.<\/p>\n<p style=\"text-align: right;\">A\u00e9rea Indira<\/p>\n<p>Portada por Moravia Bali<\/p>\n","protected":false},"excerpt":{"rendered":"<p>Entre la casualidad surgen las letras que hoy re\u00fanen a quince plumas contempor\u00e1neas para dar voz a\u00a0Cuarzo, cristales y ensue\u00f1o, primera antolog\u00eda femenina de nuestra casa editorial; sus palabras son rendijas que nos permiten mirar hacia los cristales personales, an\u00edmicos y llenos de quimeras de cada una de las escritoras; as\u00ed mismo la excelsa fan\u00f3pea [&hellip;]<\/p>\n","protected":false},"featured_media":265,"template":"","meta":[],"product_brand":[],"product_cat":[45,40],"product_tag":[],"class_list":{"0":"post-264","1":"product","2":"type-product","3":"status-publish","4":"has-post-thumbnail","6":"product_cat-antologia","7":"product_cat-poesia","9":"first","10":"outofstock","11":"taxable","12":"shipping-taxable","13":"purchasable","14":"product-type-simple"},"_links":{"self":[{"href":"https:\/\/vitraliediciones.com\/index.php\/wp-json\/wp\/v2\/product\/264","targetHints":{"allow":["GET"]}}],"collection":[{"href":"https:\/\/vitraliediciones.com\/index.php\/wp-json\/wp\/v2\/product"}],"about":[{"href":"https:\/\/vitraliediciones.com\/index.php\/wp-json\/wp\/v2\/types\/product"}],"wp:featuredmedia":[{"embeddable":true,"href":"https:\/\/vitraliediciones.com\/index.php\/wp-json\/wp\/v2\/media\/265"}],"wp:attachment":[{"href":"https:\/\/vitraliediciones.com\/index.php\/wp-json\/wp\/v2\/media?parent=264"}],"wp:term":[{"taxonomy":"product_brand","embeddable":true,"href":"https:\/\/vitraliediciones.com\/index.php\/wp-json\/wp\/v2\/product_brand?post=264"},{"taxonomy":"product_cat","embeddable":true,"href":"https:\/\/vitraliediciones.com\/index.php\/wp-json\/wp\/v2\/product_cat?post=264"},{"taxonomy":"product_tag","embeddable":true,"href":"https:\/\/vitraliediciones.com\/index.php\/wp-json\/wp\/v2\/product_tag?post=264"}],"curies":[{"name":"wp","href":"https:\/\/api.w.org\/{rel}","templated":true}]}}