{"id":256,"date":"2023-06-23T06:34:40","date_gmt":"2023-06-23T06:34:40","guid":{"rendered":"https:\/\/vitraliediciones.com\/?post_type=product&#038;p=256"},"modified":"2025-09-28T00:14:46","modified_gmt":"2025-09-28T00:14:46","slug":"psicosis-en-ciudad-ruido-de-bruno-bellmer","status":"publish","type":"product","link":"https:\/\/vitraliediciones.com\/index.php\/producto\/psicosis-en-ciudad-ruido-de-bruno-bellmer\/","title":{"rendered":"Psicosis en Ciudad Ruido, de Bruno Bellmer"},"content":{"rendered":"<p><em>Psicosis en Ciudad Ruido<\/em>, once cuentos para toda la familia es una colecci\u00f3n de cuentos con una estructura innovadora y subversiva a primera vista; lo subversivo como muestra de la cruenta realidad de la Ciudad de M\u00e9xico, innovadora por la forma de conectar los diferentes protagonistas y temas en situaciones heterog\u00e9neas. Sin embargo, el subt\u00edtulo nunca fue tan m\u00e1s acorde a la tem\u00e1tica, a pesar de la dosis de violencia en cada cuento, estos cuentos forman un pilar de la familia mexicana. Este no es un libro violento, ni siquiera alienta a ello, pero s\u00ed es un libro sobre la violencia y no cualquier violencia, existen argumentos plausibles de que esta sea una antolog\u00eda sobre la violencia de g\u00e9nero. Las figuras femeninas se diluyen en<br \/>\nan\u00e9cdotas donde los narradores son hombres, nunca las mujeres tienen voz, pero son las protagonistas.<\/p>\n<p>Las estructuras de los cuentos son heterog\u00e9neas, en el mismo espacio geogr\u00e1fico: la Ciudad de M\u00e9xico o Ciudad Ruido; y en la misma instancia temporal: la modernidad. Las historias van desde las aventuras sexuales de algunos adolescentes hasta el feminicidio, la necrofilia y el retrato de la mujer como animal sexual. Lo m\u00e1s preocupante y lo que hay que enfatizar en este punto es que bajo palabras del autor \u00abtodas son historias reales que ha escuchado\u00bb, y tal vez lo \u00fanico ficticio sean los nombres.<\/p>\n","protected":false},"excerpt":{"rendered":"<p>Psicosis en Ciudad Ruido, once cuentos para toda la familia es una colecci\u00f3n de cuentos con una estructura innovadora y subversiva a primera vista; lo subversivo como muestra de la cruenta realidad de la Ciudad de M\u00e9xico, innovadora por la forma de conectar los diferentes protagonistas y temas en situaciones heterog\u00e9neas. Sin embargo, el subt\u00edtulo [&hellip;]<\/p>\n","protected":false},"featured_media":399,"template":"","meta":[],"product_brand":[],"product_cat":[39,38],"product_tag":[],"class_list":{"0":"post-256","1":"product","2":"type-product","3":"status-publish","4":"has-post-thumbnail","6":"product_cat-cuento","7":"product_cat-narrativa","9":"first","10":"instock","11":"taxable","12":"shipping-taxable","13":"purchasable","14":"product-type-simple"},"_links":{"self":[{"href":"https:\/\/vitraliediciones.com\/index.php\/wp-json\/wp\/v2\/product\/256","targetHints":{"allow":["GET"]}}],"collection":[{"href":"https:\/\/vitraliediciones.com\/index.php\/wp-json\/wp\/v2\/product"}],"about":[{"href":"https:\/\/vitraliediciones.com\/index.php\/wp-json\/wp\/v2\/types\/product"}],"wp:featuredmedia":[{"embeddable":true,"href":"https:\/\/vitraliediciones.com\/index.php\/wp-json\/wp\/v2\/media\/399"}],"wp:attachment":[{"href":"https:\/\/vitraliediciones.com\/index.php\/wp-json\/wp\/v2\/media?parent=256"}],"wp:term":[{"taxonomy":"product_brand","embeddable":true,"href":"https:\/\/vitraliediciones.com\/index.php\/wp-json\/wp\/v2\/product_brand?post=256"},{"taxonomy":"product_cat","embeddable":true,"href":"https:\/\/vitraliediciones.com\/index.php\/wp-json\/wp\/v2\/product_cat?post=256"},{"taxonomy":"product_tag","embeddable":true,"href":"https:\/\/vitraliediciones.com\/index.php\/wp-json\/wp\/v2\/product_tag?post=256"}],"curies":[{"name":"wp","href":"https:\/\/api.w.org\/{rel}","templated":true}]}}