{"id":56,"date":"2023-04-20T17:39:59","date_gmt":"2023-04-20T17:39:59","guid":{"rendered":"https:\/\/vitraliediciones.com\/?page_id=56"},"modified":"2025-07-15T20:34:19","modified_gmt":"2025-07-15T20:34:19","slug":"la-editorial","status":"publish","type":"page","link":"https:\/\/vitraliediciones.com\/index.php\/la-editorial\/","title":{"rendered":"La Editorial"},"content":{"rendered":"\n<p><strong>VITRALI<\/strong><\/p>\n\n\n\n<p>Vitrali es una editorial mexicana independiente y alternativa formada en febrero del 2017 en la Ciudad de M\u00e9xico, fundada por la gestora cultural, escritora y pintora, A\u00e9rea Indira. Con una perspectiva de aportar a la colectividad y comunidad art\u00edstico-literaria, ya sea por medio de la difusi\u00f3n, promoci\u00f3n y fomento a los distintos g\u00e9neros literarios y autores que convergen en este piso com\u00fan abanderando la colectividad.<br><br>La apuesta de Vitrali Ediciones es dar una atenci\u00f3n personalizada a sus autores, con suma dedicaci\u00f3n al dise\u00f1o tipogr\u00e1fico y gramatical, cuidado editorial, materiales e impresi\u00f3n. <\/p>\n\n\n\n<p><strong>NUESTROS LIBROS<\/strong><\/p>\n\n\n\n<p>Como editorial nos enorgullecemos del compromiso con la producci\u00f3n de libros de alta calidad tanto para sus autores como para sus lectores. Nos dedicamos a presentar obras literarias con una profesionalidad y un est\u00e1ndar de excelencia que busca superar las expectativas del p\u00fablico. Creemos que los libros no son simplemente veh\u00edculos para transmitir palabras e historias, sino que son obras de arte en s\u00ed mismas. Valoramos el libro como un objeto tangible, cuidando cada detalle de su dise\u00f1o, encuadernaci\u00f3n y acabado. Nos esforzamos por crear libros est\u00e9ticamente atractivos que sean un placer visual y t\u00e1ctil para aquellos que los sostienen en sus manos. La calidad se refleja en cada aspecto de nuestro trabajo. Desde la selecci\u00f3n cuidadosa de los materiales utilizados en la producci\u00f3n de nuestros libros hasta la atenci\u00f3n meticulosa a los detalles en la edici\u00f3n y correcci\u00f3n de pruebas, nos aseguramos de que cada libro que lleva el sello de Vitrali Ediciones cumpla con los m\u00e1s altos est\u00e1ndares de calidad.<\/p>\n\n\n\n<p><strong>NUESTRO COMPROMISO <\/strong><\/p>\n\n\n\n<p>Adem\u00e1s de la calidad f\u00edsica, tambi\u00e9n nos preocupamos por el contenido intangible de nuestras obras. Nos dedicamos a descubrir y promover talentosos autores que ofrecen obras cautivadoras, escritas con profundidad. Valoramos la originalidad, la creatividad y la habilidad literaria en cada libro que publicamos. Trabajamos en estrecha colaboraci\u00f3n con nuestros autores, brind\u00e1ndoles apoyo y asesoramiento en cada etapa, desde la concepci\u00f3n de la idea hasta la promoci\u00f3n y comercializaci\u00f3n del libro. Nos esforzamos por establecer relaciones duraderas con nuestros escritores, fomentando un ambiente de confianza y respeto mutuo.<\/p>\n\n\n\n<p><\/p>\n\n\n\n<p><\/p>\n\n\n\n<p><\/p>\n","protected":false},"excerpt":{"rendered":"<p>VITRALI Vitrali es una editorial mexicana independiente y alternativa formada en febrero del 2017 en la Ciudad de M\u00e9xico, fundada por la gestora cultural, escritora y pintora, A\u00e9rea Indira. Con una perspectiva de aportar a la colectividad y comunidad art\u00edstico-literaria, ya sea por medio de la difusi\u00f3n, promoci\u00f3n y fomento a los distintos g\u00e9neros literarios [&hellip;]<\/p>\n","protected":false},"author":2,"featured_media":0,"parent":0,"menu_order":0,"comment_status":"closed","ping_status":"closed","template":"","meta":{"footnotes":""},"class_list":["post-56","page","type-page","status-publish","hentry"],"_links":{"self":[{"href":"https:\/\/vitraliediciones.com\/index.php\/wp-json\/wp\/v2\/pages\/56","targetHints":{"allow":["GET"]}}],"collection":[{"href":"https:\/\/vitraliediciones.com\/index.php\/wp-json\/wp\/v2\/pages"}],"about":[{"href":"https:\/\/vitraliediciones.com\/index.php\/wp-json\/wp\/v2\/types\/page"}],"author":[{"embeddable":true,"href":"https:\/\/vitraliediciones.com\/index.php\/wp-json\/wp\/v2\/users\/2"}],"replies":[{"embeddable":true,"href":"https:\/\/vitraliediciones.com\/index.php\/wp-json\/wp\/v2\/comments?post=56"}],"version-history":[{"count":9,"href":"https:\/\/vitraliediciones.com\/index.php\/wp-json\/wp\/v2\/pages\/56\/revisions"}],"predecessor-version":[{"id":330,"href":"https:\/\/vitraliediciones.com\/index.php\/wp-json\/wp\/v2\/pages\/56\/revisions\/330"}],"wp:attachment":[{"href":"https:\/\/vitraliediciones.com\/index.php\/wp-json\/wp\/v2\/media?parent=56"}],"curies":[{"name":"wp","href":"https:\/\/api.w.org\/{rel}","templated":true}]}}