{"id":40,"date":"2023-04-20T17:27:42","date_gmt":"2023-04-20T17:27:42","guid":{"rendered":"https:\/\/vitraliediciones.com\/?page_id=40"},"modified":"2025-07-15T20:43:20","modified_gmt":"2025-07-15T20:43:20","slug":"manuscritos","status":"publish","type":"page","link":"https:\/\/vitraliediciones.com\/index.php\/manuscritos\/","title":{"rendered":"Manuscritos"},"content":{"rendered":"\n<p>En <strong>Vitrali Ediciones<\/strong>, valoramos y apreciamos el talento literario de autores en todos los g\u00e9neros.<br><br>Como editorial independiente y alternativa, recibimos manuscritos que son le\u00eddos por nuestro consejo editorial quien elabora un dictamen, en&nbsp;caso de que el texto cumpla con lineamientos que se esperan (como la <strong>originalidad<\/strong>, <strong>calidad literaria<\/strong>, <strong>coherencia narrativa y\/o po\u00e9tica<\/strong>, <strong>creatividad<\/strong>, etc.), se inicia&nbsp;un proceso de edici\u00f3n y dise\u00f1o. Se realiza una pre-maqueta con la cual se hace una cotizaci\u00f3n para saber cu\u00e1l ser\u00e1 el financiamiento para la edici\u00f3n.<br><br>Funcionamos as\u00ed:<br><br>1. <strong>Autor o Vitrali pueden financiar<\/strong> los materiales para la producci\u00f3n, es decir, el papel, imprenta, encuadernado y mano de obra.<\/p>\n\n\n\n<p>2. <strong>Vitrali se encarga del dise\u00f1o<\/strong> (atendiendo las sugerencias que el autor tenga para su libro), cuidado editorial (si el libro necesita una correcci\u00f3n ortogr\u00e1fica y gramatical) e imprenta, promoci\u00f3n, presentaci\u00f3n y difusi\u00f3n.<br><br>3. Los tirajes pueden ser a partir de 50 ejemplares, hasta los que desee tener el autor, la sugerencia que damos es que sean tirajes de 200 a 250. <br><br>4. Vitrali coloca los libros en cafebrer\u00edas independientes, librer\u00edas alternativas y vende por tienda virtual y redes sociales. El autor puede buscar otros puntos de venta por su propia cuenta.<br><br>Cada manuscrito que recibimos es evaluado con respeto y cuidado, y nos esforzamos por brindar una respuesta oportuna y constructiva a cada autor que conf\u00eda en nosotros para compartir su obra.<br><br>Todos los manuscritos son le\u00eddos y a sus autores se les da respuesta v\u00eda e-mail en un plazo de seis meses. Para todas las personas interesadas, mandar a nuestro correo:<br><br>manuscritos@vitraliediciones.com<\/p>\n","protected":false},"excerpt":{"rendered":"<p>En Vitrali Ediciones, valoramos y apreciamos el talento literario de autores en todos los g\u00e9neros. Como editorial independiente y alternativa, recibimos manuscritos que son le\u00eddos por nuestro consejo editorial quien elabora un dictamen, en&nbsp;caso de que el texto cumpla con lineamientos que se esperan (como la originalidad, calidad literaria, coherencia narrativa y\/o po\u00e9tica, creatividad, etc.), [&hellip;]<\/p>\n","protected":false},"author":2,"featured_media":0,"parent":0,"menu_order":0,"comment_status":"closed","ping_status":"closed","template":"","meta":{"footnotes":""},"class_list":["post-40","page","type-page","status-publish","hentry"],"_links":{"self":[{"href":"https:\/\/vitraliediciones.com\/index.php\/wp-json\/wp\/v2\/pages\/40","targetHints":{"allow":["GET"]}}],"collection":[{"href":"https:\/\/vitraliediciones.com\/index.php\/wp-json\/wp\/v2\/pages"}],"about":[{"href":"https:\/\/vitraliediciones.com\/index.php\/wp-json\/wp\/v2\/types\/page"}],"author":[{"embeddable":true,"href":"https:\/\/vitraliediciones.com\/index.php\/wp-json\/wp\/v2\/users\/2"}],"replies":[{"embeddable":true,"href":"https:\/\/vitraliediciones.com\/index.php\/wp-json\/wp\/v2\/comments?post=40"}],"version-history":[{"count":6,"href":"https:\/\/vitraliediciones.com\/index.php\/wp-json\/wp\/v2\/pages\/40\/revisions"}],"predecessor-version":[{"id":332,"href":"https:\/\/vitraliediciones.com\/index.php\/wp-json\/wp\/v2\/pages\/40\/revisions\/332"}],"wp:attachment":[{"href":"https:\/\/vitraliediciones.com\/index.php\/wp-json\/wp\/v2\/media?parent=40"}],"curies":[{"name":"wp","href":"https:\/\/api.w.org\/{rel}","templated":true}]}}