{"id":104,"date":"2023-04-20T18:53:16","date_gmt":"2023-04-20T18:53:16","guid":{"rendered":"https:\/\/vitraliediciones.com\/?page_id=104"},"modified":"2025-09-28T19:02:51","modified_gmt":"2025-09-28T19:02:51","slug":"slider","status":"publish","type":"page","link":"https:\/\/vitraliediciones.com\/index.php\/slider\/","title":{"rendered":"novedades"},"content":{"rendered":"\n\n\n<div class=\"wp-block-group has-global-padding is-layout-constrained wp-block-group-is-layout-constrained\"><ul style=\"border-style:none;border-width:0px; padding-right:0;padding-left:0;\" class=\"wp-block-latest-posts__list is-grid columns-3 wp-block-latest-posts has-tiny-font-size\"><li><div class=\"wp-block-latest-posts__featured-image\"><img loading=\"lazy\" decoding=\"async\" width=\"150\" height=\"150\" src=\"https:\/\/vitraliediciones.com\/wp-content\/uploads\/2025\/09\/Despues_del_dano_Bruno_Bellmer-1-150x150.png\" class=\"attachment-thumbnail size-thumbnail wp-post-image\" alt=\"\" style=\"\" srcset=\"https:\/\/vitraliediciones.com\/wp-content\/uploads\/2025\/09\/Despues_del_dano_Bruno_Bellmer-1-150x150.png 150w, https:\/\/vitraliediciones.com\/wp-content\/uploads\/2025\/09\/Despues_del_dano_Bruno_Bellmer-1-300x300.png 300w, https:\/\/vitraliediciones.com\/wp-content\/uploads\/2025\/09\/Despues_del_dano_Bruno_Bellmer-1-100x100.png 100w\" sizes=\"auto, (max-width: 150px) 100vw, 150px\" \/><\/div><a class=\"wp-block-latest-posts__post-title\" href=\"https:\/\/vitraliediciones.com\/index.php\/2025\/09\/28\/lampara-sin-luz-por-jorge-arturo-borja\/\">L\u00e1mpara sin luz | por Jorge Arturo Borja<\/a><div class=\"wp-block-latest-posts__post-excerpt\">La escritura de ficci\u00f3n, por lo menos en el siglo XVIII, era un veh\u00edculo que adem\u00e1s de entretener y proponer&#8230; <a class=\"wp-block-latest-posts__read-more\" href=\"https:\/\/vitraliediciones.com\/index.php\/2025\/09\/28\/lampara-sin-luz-por-jorge-arturo-borja\/\" rel=\"noopener noreferrer\">Lee m\u00e1s<span class=\"screen-reader-text\">: L\u00e1mpara sin luz | por Jorge Arturo Borja<\/span><\/a><\/div><\/li>\n<li><div class=\"wp-block-latest-posts__featured-image\"><img loading=\"lazy\" decoding=\"async\" width=\"150\" height=\"38\" src=\"https:\/\/vitraliediciones.com\/wp-content\/uploads\/2023\/08\/PREVENTA_Mesa-de-trabajo-1.png\" class=\"attachment-thumbnail size-thumbnail wp-post-image\" alt=\"\" style=\"\" \/><\/div><a class=\"wp-block-latest-posts__post-title\" href=\"https:\/\/vitraliediciones.com\/index.php\/2023\/08\/14\/velo-de-carne-una-mirada-al-lado-descarnado-de-la-humanidad\/\">Velo de carne, una mirada al lado descarnado de la humanidad<\/a><div class=\"wp-block-latest-posts__post-excerpt\">[\u2026]La calle simulaba una aferrada longitud por la que definitivamente no quer\u00eda pasar, pero sent\u00ed una obligaci\u00f3n por transitarla y&#8230; <a class=\"wp-block-latest-posts__read-more\" href=\"https:\/\/vitraliediciones.com\/index.php\/2023\/08\/14\/velo-de-carne-una-mirada-al-lado-descarnado-de-la-humanidad\/\" rel=\"noopener noreferrer\">Lee m\u00e1s<span class=\"screen-reader-text\">: Velo de carne, una mirada al lado descarnado de la humanidad<\/span><\/a><\/div><\/li>\n<li><div class=\"wp-block-latest-posts__featured-image\"><img loading=\"lazy\" decoding=\"async\" width=\"150\" height=\"150\" src=\"https:\/\/vitraliediciones.com\/wp-content\/uploads\/2023\/08\/INNECESARIO_-150x150.png\" class=\"attachment-thumbnail size-thumbnail wp-post-image\" alt=\"\" style=\"\" srcset=\"https:\/\/vitraliediciones.com\/wp-content\/uploads\/2023\/08\/INNECESARIO_-150x150.png 150w, https:\/\/vitraliediciones.com\/wp-content\/uploads\/2023\/08\/INNECESARIO_-300x300.png 300w, https:\/\/vitraliediciones.com\/wp-content\/uploads\/2023\/08\/INNECESARIO_-100x100.png 100w\" sizes=\"auto, (max-width: 150px) 100vw, 150px\" \/><\/div><a class=\"wp-block-latest-posts__post-title\" href=\"https:\/\/vitraliediciones.com\/index.php\/2023\/08\/01\/lo-necesario-de-lo-innecesario\/\">Lo necesario de lo Innecesario<\/a><div class=\"wp-block-latest-posts__post-excerpt\">\u00abInnecesario\u00bb, el primer poemario de Leslie Saenz muy pronto. <\/div><\/li>\n<li><div class=\"wp-block-latest-posts__featured-image\"><img loading=\"lazy\" decoding=\"async\" width=\"150\" height=\"150\" src=\"https:\/\/vitraliediciones.com\/wp-content\/uploads\/2023\/07\/Resultados-chakalones-150x150.png\" class=\"attachment-thumbnail size-thumbnail wp-post-image\" alt=\"\" style=\"\" srcset=\"https:\/\/vitraliediciones.com\/wp-content\/uploads\/2023\/07\/Resultados-chakalones-150x150.png 150w, https:\/\/vitraliediciones.com\/wp-content\/uploads\/2023\/07\/Resultados-chakalones-300x300.png 300w, https:\/\/vitraliediciones.com\/wp-content\/uploads\/2023\/07\/Resultados-chakalones-100x100.png 100w\" sizes=\"auto, (max-width: 150px) 100vw, 150px\" \/><\/div><a class=\"wp-block-latest-posts__post-title\" href=\"https:\/\/vitraliediciones.com\/index.php\/2023\/07\/24\/resultados-chakalones\/\">Resultados Chakalones<\/a><div class=\"wp-block-latest-posts__post-excerpt\"><\/div><\/li>\n<li><div class=\"wp-block-latest-posts__featured-image\"><img loading=\"lazy\" decoding=\"async\" width=\"150\" height=\"150\" src=\"https:\/\/vitraliediciones.com\/wp-content\/uploads\/2023\/06\/CONVOCATORIA-CHAKALONA_Mesa-de-trabajo-1-150x150.png\" class=\"attachment-thumbnail size-thumbnail wp-post-image\" alt=\"\" style=\"\" \/><\/div><a class=\"wp-block-latest-posts__post-title\" href=\"https:\/\/vitraliediciones.com\/index.php\/2023\/06\/22\/convocatoria-chakalona\/\">Convocatoria Chakalona<\/a><div class=\"wp-block-latest-posts__post-excerpt\">CONVOCATORIA A autores que se interesen en ser parte de \u201cLa Antolog\u00eda Chakalona, letras de barrio\u201d. BASES Los textos que&#8230; <a class=\"wp-block-latest-posts__read-more\" href=\"https:\/\/vitraliediciones.com\/index.php\/2023\/06\/22\/convocatoria-chakalona\/\" rel=\"noopener noreferrer\">Lee m\u00e1s<span class=\"screen-reader-text\">: Convocatoria Chakalona<\/span><\/a><\/div><\/li>\n<li><div class=\"wp-block-latest-posts__featured-image\"><img loading=\"lazy\" decoding=\"async\" width=\"150\" height=\"150\" src=\"https:\/\/vitraliediciones.com\/wp-content\/uploads\/2023\/06\/portadaaaas_Mesa-de-trabajo-1-150x150.png\" class=\"attachment-thumbnail size-thumbnail wp-post-image\" alt=\"\" style=\"\" \/><\/div><a class=\"wp-block-latest-posts__post-title\" href=\"https:\/\/vitraliediciones.com\/index.php\/2023\/06\/22\/convocatoria\/\">La nueva Colecci\u00f3n Vitraletras<\/a><div class=\"wp-block-latest-posts__post-excerpt\">Vitrali se congratula de contar con un maravilloso talento reunido en un par de antolog\u00edas, pertenecientes a la nueva Colecci\u00f3n&#8230; <a class=\"wp-block-latest-posts__read-more\" href=\"https:\/\/vitraliediciones.com\/index.php\/2023\/06\/22\/convocatoria\/\" rel=\"noopener noreferrer\">Lee m\u00e1s<span class=\"screen-reader-text\">: La nueva Colecci\u00f3n Vitraletras<\/span><\/a><\/div><\/li>\n<\/ul><\/div>\n","protected":false},"excerpt":{"rendered":"","protected":false},"author":2,"featured_media":0,"parent":0,"menu_order":0,"comment_status":"closed","ping_status":"closed","template":"","meta":{"footnotes":""},"class_list":["post-104","page","type-page","status-publish","hentry"],"_links":{"self":[{"href":"https:\/\/vitraliediciones.com\/index.php\/wp-json\/wp\/v2\/pages\/104","targetHints":{"allow":["GET"]}}],"collection":[{"href":"https:\/\/vitraliediciones.com\/index.php\/wp-json\/wp\/v2\/pages"}],"about":[{"href":"https:\/\/vitraliediciones.com\/index.php\/wp-json\/wp\/v2\/types\/page"}],"author":[{"embeddable":true,"href":"https:\/\/vitraliediciones.com\/index.php\/wp-json\/wp\/v2\/users\/2"}],"replies":[{"embeddable":true,"href":"https:\/\/vitraliediciones.com\/index.php\/wp-json\/wp\/v2\/comments?post=104"}],"version-history":[{"count":3,"href":"https:\/\/vitraliediciones.com\/index.php\/wp-json\/wp\/v2\/pages\/104\/revisions"}],"predecessor-version":[{"id":486,"href":"https:\/\/vitraliediciones.com\/index.php\/wp-json\/wp\/v2\/pages\/104\/revisions\/486"}],"wp:attachment":[{"href":"https:\/\/vitraliediciones.com\/index.php\/wp-json\/wp\/v2\/media?parent=104"}],"curies":[{"name":"wp","href":"https:\/\/api.w.org\/{rel}","templated":true}]}}